{"id":147,"date":"2024-01-10T13:48:16","date_gmt":"2024-01-10T12:48:16","guid":{"rendered":"https:\/\/www.sipam.de\/?page_id=147"},"modified":"2026-03-13T10:53:04","modified_gmt":"2026-03-13T09:53:04","slug":"impressum","status":"publish","type":"page","link":"https:\/\/www.sipam.de\/index.php\/impressum\/","title":{"rendered":"Impressum"},"content":{"rendered":"\n<p><strong>Die SIPAM ist eine Sicherheitspartnerschaft gegen Metalldiebstahl.<\/strong><\/p>\n\n\n\n<p>Folgende&nbsp;Unternehmen sind daran beteiligt (in alphabetischer Reihenfolge):<\/p>\n\n\n\n<ul class=\"wp-block-list\">\n<li>&nbsp; &nbsp; \u25a0 Amprion GmbH<\/li>\n\n\n\n<li>&nbsp; &nbsp; \u25a0 Bundesverband Sekund\u00e4rrohstoffe und Entsorgung e.V.<\/li>\n\n\n\n<li>&nbsp; &nbsp; \u25a0 Bundesvereinigung Deutscher Stahlrecycling- und Entsorgungsunternehmen<\/li>\n\n\n\n<li>&nbsp; &nbsp; \u25a0 Deutsche Bahn AG<\/li>\n\n\n\n<li>&nbsp; &nbsp; \u25a0 Deutsche Telekom AG<\/li>\n\n\n\n<li>&nbsp; &nbsp; \u25a0 MIBRAG mbH<\/li>\n\n\n\n<li>\u00a0 \u00a0 \u25a0 RWE AG<\/li>\n\n\n\n<li>&nbsp; &nbsp; \u25a0 TenneT TSO GmbH<\/li>\n\n\n\n<li>&nbsp; &nbsp; \u25a0 ThyssenKrupp Steel Europe AG<\/li>\n\n\n\n<li>&nbsp; &nbsp; \u25a0 Transnet BW<\/li>\n\n\n\n<li>&nbsp; &nbsp; \u25a0 Lausitz Energie Bergbau AG (LEAG)<\/li>\n\n\n\n<li>&nbsp; &nbsp; \u25a0 Verband Deutscher Metallh\u00e4ndler e.V.<\/li>\n\n\n\n<li>&nbsp; &nbsp; \u25a0 50Hertz Transmission GmbH<\/li>\n<\/ul>\n\n\n\n<p><strong>Ihr Ansprechpartner ist:<\/strong><\/p>\n\n\n\n<p>webmaster (at) sipam.de<\/p>\n\n\n\n<p><strong><u>Disclaimer<\/u><\/strong><\/p>\n\n\n\n<p><strong>1. Haftungsbeschr\u00e4nkung<\/strong><\/p>\n\n\n\n<p>a) Inhalte und Rechtsbeitr\u00e4ge<\/p>\n\n\n\n<p>Die Inhalte unserer Internetseite &#8211;&nbsp;vor allem die Rechtsbeitr\u00e4ge &#8211;&nbsp;werden mit gr\u00f6\u00dfter Sorgfalt recherchiert. Dennoch kann der Anbieter keine Haftung f\u00fcr die Richtigkeit, Vollst\u00e4ndigkeit und Aktualit\u00e4t der bereit gestellten Informationen \u00fcbernehmen.<\/p>\n\n\n\n<p>b) Verf\u00fcgbarkeit<\/p>\n\n\n\n<p>Wir werden uns ebenfalls bem\u00fchen, den Dienst m\u00f6glichst unterbrechungsfrei zum Abruf anzubieten. Auch bei aller Sorgfalt k\u00f6nnen aber Ausfallzeiten nicht ausgeschlossen werden.<\/p>\n\n\n\n<p>c) Externe Links<\/p>\n\n\n\n<p>Diese Website enth\u00e4lt Verkn\u00fcpfungen zu Websites Dritter (&#8222;externe Links&#8220;). Diese Websites unterliegen der Haftung der jeweiligen Betreiber. Der Anbieter hat bei der erstmaligen Verkn\u00fcpfung der externen Links die fremden Inhalte daraufhin \u00fcberpr\u00fcft, ob etwaige Rechtsverst\u00f6\u00dfe bestehen. Zu dem Zeitpunkt waren keine Rechtsverst\u00f6\u00dfe ersichtlich. Der Anbieter hat keinerlei Einfluss auf die aktuelle und zuk\u00fcnftige Gestaltung und auf die Inhalte der verkn\u00fcpften Seiten. Das Setzen von externen Links bedeutet nicht, dass sich der Anbieter die hinter dem Verweis oder Link liegenden Inhalte zu Eigen macht. Eine st\u00e4ndige Kontrolle dieser externen Links ist f\u00fcr den Anbieter ohne konkrete Hinweise auf Rechtsverst\u00f6\u00dfe nicht zumutbar. Bei Kenntnis von Rechtsverst\u00f6\u00dfen werden jedoch derartige externe Links unverz\u00fcglich gel\u00f6scht.&nbsp;<\/p>\n\n\n\n<p>d) Kein Vertragsverh\u00e4ltnis<\/p>\n\n\n\n<p>Mit der Nutzung der frei zug\u00e4nglichen und kostenlosen Inhalte kommt keinerlei Vertragsverh\u00e4ltnis zwischen dem Nutzer und dem Anbieter zustande. <br><em>Sollten Sie eine Verletzung als gegeben ansehen, bittet der Anbieter um einen Hinweis kollegialiter und von kostenverursachenden Ma\u00dfnahmen abzusehen.<\/em><\/p>\n\n\n\n<p><strong>2. Urheberrecht<\/strong><\/p>\n\n\n\n<p>Die auf dieser Website ver\u00f6ffentlichten Inhalte und Werke sind urheberrechtlich gesch\u00fctzt. Jede vom deutschen Urheberrecht nicht zugelassene Verwertung bedarf der vorherigen schriftlichen Zustimmung des jeweiligen Autors oder Urhebers. Dies gilt insbesondere f\u00fcr Vervielf\u00e4ltigung, Bearbeitung, \u00dcbersetzung, Einspeicherung, Verarbeitung bzw. Wiedergabe von Inhalten in Datenbanken oder anderen elektronischen Medien und Systemen. Inhalte und Beitr\u00e4ge Dritter sind dabei als solche gekennzeichnet. Die unerlaubte Vervielf\u00e4ltigung oder Weitergabe einzelner Inhalte oder kompletter Seiten ist nicht gestattet und strafbar. Lediglich die Herstellung von Kopien und Downloads f\u00fcr den pers\u00f6nlichen, privaten und nicht kommerziellen Gebrauch ist erlaubt.<\/p>\n\n\n\n<p>Links zu den Websites des Anbieters sind jederzeit willkommen und bed\u00fcrfen keiner Zustimmung durch den Betreiber der Website. Die Darstellung dieser Website in fremden Frames ist nur mit Erlaubnis zul\u00e4ssig.<\/p>\n\n\n\n<p><strong>3. Anwendbares Recht<\/strong> Es gilt ausschlie\u00dflich das ma\u00dfgebliche Recht der Bundesrepublik Deutschland. Diese Nutzungshinweise sind als Teil des Internetangebotes zu betrachten, von dem aus auf diese Seite verwiesen wurde.<\/p>\n","protected":false},"excerpt":{"rendered":"<p>Die SIPAM ist eine Sicherheitspartnerschaft gegen Metalldiebstahl. Folgende&nbsp;Unternehmen sind daran beteiligt (in alphabetischer Reihenfolge): Ihr Ansprechpartner ist: webmaster (at) sipam.de Disclaimer 1. Haftungsbeschr\u00e4nkung a) Inhalte und Rechtsbeitr\u00e4ge Die Inhalte unserer Internetseite &#8211;&nbsp;vor allem die Rechtsbeitr\u00e4ge &#8211;&nbsp;werden mit gr\u00f6\u00dfter Sorgfalt recherchiert. Dennoch kann der Anbieter keine Haftung f\u00fcr die Richtigkeit, Vollst\u00e4ndigkeit und Aktualit\u00e4t der bereit gestellten [&hellip;]<\/p>\n","protected":false},"author":1,"featured_media":0,"parent":0,"menu_order":0,"comment_status":"closed","ping_status":"closed","template":"","meta":{"ngg_post_thumbnail":0,"footnotes":""},"class_list":["post-147","page","type-page","status-publish","hentry"],"_links":{"self":[{"href":"https:\/\/www.sipam.de\/index.php\/wp-json\/wp\/v2\/pages\/147","targetHints":{"allow":["GET"]}}],"collection":[{"href":"https:\/\/www.sipam.de\/index.php\/wp-json\/wp\/v2\/pages"}],"about":[{"href":"https:\/\/www.sipam.de\/index.php\/wp-json\/wp\/v2\/types\/page"}],"author":[{"embeddable":true,"href":"https:\/\/www.sipam.de\/index.php\/wp-json\/wp\/v2\/users\/1"}],"replies":[{"embeddable":true,"href":"https:\/\/www.sipam.de\/index.php\/wp-json\/wp\/v2\/comments?post=147"}],"version-history":[{"count":3,"href":"https:\/\/www.sipam.de\/index.php\/wp-json\/wp\/v2\/pages\/147\/revisions"}],"predecessor-version":[{"id":495,"href":"https:\/\/www.sipam.de\/index.php\/wp-json\/wp\/v2\/pages\/147\/revisions\/495"}],"wp:attachment":[{"href":"https:\/\/www.sipam.de\/index.php\/wp-json\/wp\/v2\/media?parent=147"}],"curies":[{"name":"wp","href":"https:\/\/api.w.org\/{rel}","templated":true}]}}