{"id":155,"date":"2024-01-10T13:53:12","date_gmt":"2024-01-10T12:53:12","guid":{"rendered":"https:\/\/www.sipam.de\/?page_id=155"},"modified":"2024-01-15T11:02:50","modified_gmt":"2024-01-15T10:02:50","slug":"hintergrund","status":"publish","type":"page","link":"https:\/\/www.sipam.de\/index.php\/hintergrund\/","title":{"rendered":"Hintergrund"},"content":{"rendered":"\n<p class=\"has-contrast-dark-color has-contrast-light-background-color has-text-color has-background has-link-color wp-elements-09270cab4106f4975f1ebc7368e7e872\">Das Leben in unserer Gesellschaft wird heute mehr als je zuvor von sogenannten&nbsp;<strong><em>kritischen Infrastrukturen<\/em><\/strong>&nbsp; gepr\u00e4gt: Ohne industrielle Produktion w\u00fcrden wir weder mit Strom noch mit Trinkwasser versorgt, ohne Informations- und Kommunikationstechnik w\u00e4re nicht einmal das T\u00e4tigen eines simplen Anrufs m\u00f6glich.<br><br>Metalldiebstahl gef\u00e4hrdet das Funktionieren dieser Infrastrukturen. Allein im Gr\u00fcndungsjahr kam es durch Diebstahl von Kupfer, Aluminium, Bronze oder Eisen bei rund 17.000 Z\u00fcgen zu Versp\u00e4tungen. Telekommunikationsbetreiber beklagen St\u00f6rungen im Telefonnetz und bei Internetverbindungen. Netzbetreiber warnen vor Einschr\u00e4nkungen in der Energieversorgung und Gef\u00e4hrdung f\u00fcr Mensch und Umwelt.<\/p>\n\n\n\n<h3 class=\"wp-block-heading has-contrast-dark-color has-contrast-light-background-color has-text-color has-background has-link-color wp-elements-379fa473ac6e8a57253a061cdb8cf35c\">Gef\u00e4hrdung durch Besch\u00e4digung<\/h3>\n\n\n\n<p class=\"has-contrast-dark-color has-contrast-light-background-color has-text-color has-background has-link-color wp-elements-e73480c167bba256fafbdb2519727092\">Metalldiebe untersch\u00e4tzen die Gefahr, die z.B. von Erdungskabeln und Kupferkabeln in den Umspannanlagen ausgeht: Zum Beispiel k\u00f6nnen&nbsp; Strom\u00fcberschl\u00e4ge von einer Oberleitung auf den T\u00e4ter oder auch auf Mitarbeiter der betroffenen Unternehmen lebensgef\u00e4hrliche Verletzungen nach sich ziehen.<br>Nicht zuletzt deshalb setzt sich die SIPAM f\u00fcr Information rund um das Thema ein und arbeitet eng mit den Polizeibeh\u00f6rden zusammen.<\/p>\n\n\n\n<h3 class=\"wp-block-heading has-contrast-dark-color has-contrast-light-background-color has-text-color has-background has-link-color wp-elements-2489dbdf285fd96690c5fdef135e505f\">Konsequenzen des Metalldiebstahls<\/h3>\n\n\n\n<p class=\"has-contrast-dark-color has-contrast-light-background-color has-text-color has-background has-link-color wp-elements-777464e9742dfd03263f2ee5d0c599cd\">Metall stehlen ist eine Straftat. Sie wird mit bis zu zehn Jahren Gef\u00e4ngnis bestraft. Das gilt auch f\u00fcr den Handel mit gestohlenem Metall.<\/p>\n\n\n\n<h3 class=\"wp-block-heading has-contrast-dark-color has-contrast-light-background-color has-text-color has-background has-link-color wp-elements-2e87bf7eea4a9ebab52b26e069589ae1\"><strong>Informationen zum strafrechtlichen<\/strong> <strong>Tatbestand<\/strong><\/h3>\n\n\n\n<p class=\"has-contrast-dark-color has-contrast-light-background-color has-text-color has-background has-link-color wp-elements-d97fd487966d374c77d7e69c29a354f5\"><em>(Beispiel der strafrechtlichen Relevanz von Diebstahlhandlungen im Zust\u00e4ndigkeitsbereich der Deutschen Bahn AG)<\/em><br>Eine Wegnahme des Eigentums eines anderen durch Unberechtigte stellt eine Straftat dar, die nach dem Strafgesetzbuch (StGB) unter Strafe gestellt ist. Zum Eigentum geh\u00f6ren nat\u00fcrlich auch Teile eines Ganzen, die aus bestimmten Erw\u00e4gungen heraus entwendet werden, um sie anschlie\u00dfend, zum Beispiel gewinnbringend, zu verkaufen. Jede Wegnahme stellt somit eine Straftat dar und zieht strafrechtliche Konsequenzen f\u00fcr den T\u00e4ter nach sich.<\/p>\n\n\n\n<h3 class=\"wp-block-heading has-contrast-dark-color has-contrast-light-background-color has-text-color has-background has-link-color wp-elements-de462290efbfd5fd65bf54bc823169a2\">\u201eDiebstahl\u201c gem. \u00a7 242 StGB und \u201ebesonders schwerer Fall des Diebstahls\u201c gem. \u00a7 243 StGB<\/h3>\n\n\n\n<p class=\"has-contrast-dark-color has-contrast-light-background-color has-text-color has-background has-link-color wp-elements-b3fe406c7dd95c186036a53d7df62805\">Der T\u00e4ter wird mit einer Freiheitsstrafe von bis zu f\u00fcnf Jahren bestraft, wenn er eine fremde Sache wegnimmt, um sie sich zuzueignen und sie anschlie\u00dfend z. B. zu verkaufen. In einem besonders schweren Fall des Diebstahls (gewerbsm\u00e4\u00dfiger oder Bandendiebstahl) kann der T\u00e4ter mit einer Freiheitsstrafe von bis zu 10 Jahren bestraft werden. Dieser ist gegeben, wenn der T\u00e4ter seinen Lebensunterhalt im Wesentlichen durch Diebst\u00e4hle bestreitet (gewerblicher Diebstahl) oder sich mehrere T\u00e4ter zur fortgesetzten Begehung von Diebst\u00e4hlen zusammenschlie\u00dfen (Bandendiebstahl).<\/p>\n\n\n\n<h3 class=\"wp-block-heading has-contrast-dark-color has-contrast-light-background-color has-text-color has-background has-link-color wp-elements-b717a0d77006eb2cb8ad1ec3d573a58e\">\u201eBeg\u00fcnstigung\u201c gem. \u00a7 257 StGB<\/h3>\n\n\n\n<p class=\"has-contrast-dark-color has-contrast-light-background-color has-text-color has-background has-link-color wp-elements-f9cda94c004331ddb2fa19045564ec33\">Strafrechtlich zur Verantwortung gezogen wird auch derjenige, der in irgendeiner Weise in o. g. Taten einbezogen ist oder selbst einen Nutzen aus ihnen zieht. Mit einer Freiheitsstrafe von bis zu f\u00fcnf Jahren wird bestraft, wer dem T\u00e4ter Hilfe leistet, um diesem die Vorteile der Tat zu sichern. Dies kann auch dadurch geschehen, dass falsche Aussagen gemacht werden.<\/p>\n\n\n\n<h3 class=\"wp-block-heading has-contrast-dark-color has-contrast-light-background-color has-text-color has-background has-link-color wp-elements-9b1d4494fcf04e6e9b658918d48a32be\">\u201eStrafvereitelung\u201c gem. \u00a7 258 StGB<\/h3>\n\n\n\n<p class=\"has-contrast-dark-color has-contrast-light-background-color has-text-color has-background has-link-color wp-elements-d41e7f79c5d4353ce7cbad1e7ad64ee3\">Wer ganz oder teilweise vereitelt, dass ein anderer wegen einer Straftat bestraft wird, indem er z. B. trotz Kenntnis den Namen des T\u00e4ters nicht nennt, macht sich schuldig und wird mit einer Freiheitsstrafe von bis zu f\u00fcnf Jahren bestraft.<\/p>\n\n\n\n<h3 class=\"wp-block-heading has-contrast-dark-color has-contrast-light-background-color has-text-color has-background has-link-color wp-elements-2706d2922b8ec2ff20e35b7ae3bf82d3\">\u201eHehlerei\u201c gem. \u00a7 259 StGB<\/h3>\n\n\n\n<p class=\"has-contrast-dark-color has-contrast-light-background-color has-text-color has-background has-link-color wp-elements-dbe497a55deda5ddfaf21258bd1c6013\">Wer eine Sache aufkauft, die ein anderer gestohlen hat, sich diese verschafft, sie absetzt oder dabei hilft, sie abzusetzen, macht sich strafbar und wird mit einer Freiheitsstrafe von bis zu f\u00fcnf Jahren bestraft.<\/p>\n\n\n\n<h3 class=\"wp-block-heading has-contrast-dark-color has-contrast-light-background-color has-text-color has-background has-link-color wp-elements-be04ede4085a3cc0e4db6c3ac581bd4c\">\u201eVerschleierung unrechtm\u00e4\u00dfig erlangter Verm\u00f6genswerte\u201c gem. \u00a7 261 StGB<\/h3>\n\n\n\n<p class=\"has-contrast-dark-color has-contrast-light-background-color has-text-color has-background has-link-color wp-elements-df969b1daee127757bd2b202f3cb2393\">Wer eine Sache, die aus einem Diebstahl stammt, versteckt, deren Herkunft verschleiert, die Ermittlung der Herkunft, das Auffinden oder die Sicherstellung dieser Sache vereitelt oder gef\u00e4hrdet, kann mit einer Freiheitsstrafe von bis zu f\u00fcnf Jahren bestraft werden.<\/p>\n\n\n\n<h3 class=\"wp-block-heading has-contrast-dark-color has-contrast-light-background-color has-text-color has-background has-link-color wp-elements-779dc219d75bd9a0bdf12bbbd5463525\">\u201eGef\u00e4hrlicher Eingriff in den Bahnverkehr\u201c gem. \u00a7 315 StGB<\/h3>\n\n\n\n<p class=\"has-contrast-dark-color has-contrast-light-background-color has-text-color has-background has-link-color wp-elements-2703c0fa60acd4c08759abc503d06308\">Gravierender sind die Folgen, wenn der T\u00e4ter die Sicherheit des Bahnverkehrs dadurch beeintr\u00e4chtigt, dass er Bahnanlagen beseitigt (entwendet) oder einen ebenso gef\u00e4hrlichen Eingriff vornimmt und dadurch Leib oder Leben anderer Menschen gef\u00e4hrdet. Unter bestimmten Voraussetzungen kann er mit einer Freiheitsstrafe von bis zu zehn Jahren bestraft werden.<\/p>\n\n\n\n<h3 class=\"wp-block-heading has-contrast-dark-color has-contrast-light-background-color has-text-color has-background has-link-color wp-elements-442b52967bb31ea71dc471cb6a4156fe\">\u201eSt\u00f6rung \u00f6ffentlicher Betriebe\u201c gem. \u00a7 316 StGB<\/h3>\n\n\n\n<p class=\"has-contrast-dark-color has-contrast-light-background-color has-text-color has-background has-link-color wp-elements-eb685d5276ce56092ad5e41e1aa02d89\">Eine Freiheitsstrafe von bis zu f\u00fcnf Jahren kann drohen, wenn der T\u00e4ter unter bestimmten Voraussetzungen durch seine Diebstahlshandlung den Betrieb von Anlagen, die dem \u00f6ffentlichen Verkehr dienen (also auch der Deutschen Bahn AG), verhindert oder st\u00f6rt.<\/p>\n\n\n\n<div class=\"wp-block-buttons is-layout-flex wp-block-buttons-is-layout-flex\">\n<div class=\"wp-block-button\"><a class=\"wp-block-button__link wp-element-button\" href=\"https:\/\/www.sipam.de\/index.php\/ueber-uns\/\">\u00dcber uns<\/a><\/div>\n\n\n\n<div class=\"wp-block-button\"><a class=\"wp-block-button__link wp-element-button\" href=\"https:\/\/www.sipam.de\/index.php\/vision\/\">Vision<\/a><\/div>\n\n\n\n<div class=\"wp-block-button\"><a class=\"wp-block-button__link wp-element-button\" href=\"https:\/\/www.sipam.de\/index.php\/aufgaben-und-ziele\/\">Aufgaben und Ziele<\/a><\/div>\n\n\n\n<div class=\"wp-block-button\"><a class=\"wp-block-button__link wp-element-button\" href=\"https:\/\/www.sipam.de\/index.php\/partner\/\">Partner<\/a><\/div>\n\n\n\n<div class=\"wp-block-button\"><a class=\"wp-block-button__link wp-element-button\" href=\"https:\/\/www.sipam.de\/index.php\/material-und-kabeltypen\/\">Materialgallery<\/a><\/div>\n<\/div>\n","protected":false},"excerpt":{"rendered":"<p>Das Leben in unserer Gesellschaft wird heute mehr als je zuvor von sogenannten&nbsp;kritischen Infrastrukturen&nbsp; gepr\u00e4gt: Ohne industrielle Produktion w\u00fcrden wir weder mit Strom noch mit Trinkwasser versorgt, ohne Informations- und Kommunikationstechnik w\u00e4re nicht einmal das T\u00e4tigen eines simplen Anrufs m\u00f6glich. Metalldiebstahl gef\u00e4hrdet das Funktionieren dieser Infrastrukturen. Allein im Gr\u00fcndungsjahr kam es durch Diebstahl von Kupfer, [&hellip;]<\/p>\n","protected":false},"author":1,"featured_media":0,"parent":0,"menu_order":0,"comment_status":"closed","ping_status":"closed","template":"","meta":{"ngg_post_thumbnail":0,"footnotes":""},"class_list":["post-155","page","type-page","status-publish","hentry"],"_links":{"self":[{"href":"https:\/\/www.sipam.de\/index.php\/wp-json\/wp\/v2\/pages\/155","targetHints":{"allow":["GET"]}}],"collection":[{"href":"https:\/\/www.sipam.de\/index.php\/wp-json\/wp\/v2\/pages"}],"about":[{"href":"https:\/\/www.sipam.de\/index.php\/wp-json\/wp\/v2\/types\/page"}],"author":[{"embeddable":true,"href":"https:\/\/www.sipam.de\/index.php\/wp-json\/wp\/v2\/users\/1"}],"replies":[{"embeddable":true,"href":"https:\/\/www.sipam.de\/index.php\/wp-json\/wp\/v2\/comments?post=155"}],"version-history":[{"count":4,"href":"https:\/\/www.sipam.de\/index.php\/wp-json\/wp\/v2\/pages\/155\/revisions"}],"predecessor-version":[{"id":425,"href":"https:\/\/www.sipam.de\/index.php\/wp-json\/wp\/v2\/pages\/155\/revisions\/425"}],"wp:attachment":[{"href":"https:\/\/www.sipam.de\/index.php\/wp-json\/wp\/v2\/media?parent=155"}],"curies":[{"name":"wp","href":"https:\/\/api.w.org\/{rel}","templated":true}]}}