{"id":157,"date":"2024-01-10T13:53:31","date_gmt":"2024-01-10T12:53:31","guid":{"rendered":"https:\/\/www.sipam.de\/?page_id=157"},"modified":"2024-01-15T11:01:56","modified_gmt":"2024-01-15T10:01:56","slug":"vision","status":"publish","type":"page","link":"https:\/\/www.sipam.de\/index.php\/vision\/","title":{"rendered":"Vision"},"content":{"rendered":"\n<p class=\"has-contrast-dark-color has-base-background-color has-text-color has-background has-link-color wp-elements-9b16e3e1b30776365d6ba1f6bef3ecc1\">Die in der SIPAM vereinten Unternehmen und Verb\u00e4nde aus den Bereichen Logistik, Telekommunikation, Recycling und Energieversorgung haben es sich zur Aufgabe gemacht, durch gemeinsames und koordiniertes Vorgehen diejenigen kriminellen Kreisl\u00e4ufe zu unterbrechen, die in der Vergangenheit zu den folgeschweren Delikten im Bereich des Metalldiebstahls f\u00fchrten.<br>Durch st\u00e4ndigen Informationsaustausch zwischen den Partnern und der Polizei sollen dabei Ma\u00dfnahmen gefunden und abgesprochen werden, mit denen die wirtschaftlichen Sch\u00e4den ebenso wie die negativen Auswirkungen auf die Gesellschaft minimiert, bestenfalls vollends behoben werden k\u00f6nnen.<\/p>\n\n\n\n<div class=\"wp-block-buttons is-layout-flex wp-block-buttons-is-layout-flex\">\n<div class=\"wp-block-button\"><a class=\"wp-block-button__link wp-element-button\" href=\"https:\/\/www.sipam.de\/index.php\/ueber-uns\/\">\u00dcber uns<\/a><\/div>\n\n\n\n<div class=\"wp-block-button\"><a class=\"wp-block-button__link wp-element-button\" href=\"https:\/\/www.sipam.de\/index.php\/hintergrund\/\">Hintergrund<\/a><\/div>\n\n\n\n<div class=\"wp-block-button\"><a class=\"wp-block-button__link wp-element-button\" href=\"https:\/\/www.sipam.de\/index.php\/aufgaben-und-ziele\/\">Aufgaben und Ziele<\/a><\/div>\n\n\n\n<div class=\"wp-block-button\"><a class=\"wp-block-button__link wp-element-button\" href=\"https:\/\/www.sipam.de\/index.php\/partner\/\">Partner<\/a><\/div>\n\n\n\n<div class=\"wp-block-button\"><a class=\"wp-block-button__link wp-element-button\" href=\"https:\/\/www.sipam.de\/index.php\/material-und-kabeltypen\/\">Materialgallery<\/a><\/div>\n<\/div>\n","protected":false},"excerpt":{"rendered":"<p>Die in der SIPAM vereinten Unternehmen und Verb\u00e4nde aus den Bereichen Logistik, Telekommunikation, Recycling und Energieversorgung haben es sich zur Aufgabe gemacht, durch gemeinsames und koordiniertes Vorgehen diejenigen kriminellen Kreisl\u00e4ufe zu unterbrechen, die in der Vergangenheit zu den folgeschweren Delikten im Bereich des Metalldiebstahls f\u00fchrten.Durch st\u00e4ndigen Informationsaustausch zwischen den Partnern und der Polizei sollen dabei [&hellip;]<\/p>\n","protected":false},"author":1,"featured_media":0,"parent":0,"menu_order":0,"comment_status":"closed","ping_status":"closed","template":"","meta":{"ngg_post_thumbnail":0,"footnotes":""},"class_list":["post-157","page","type-page","status-publish","hentry"],"_links":{"self":[{"href":"https:\/\/www.sipam.de\/index.php\/wp-json\/wp\/v2\/pages\/157","targetHints":{"allow":["GET"]}}],"collection":[{"href":"https:\/\/www.sipam.de\/index.php\/wp-json\/wp\/v2\/pages"}],"about":[{"href":"https:\/\/www.sipam.de\/index.php\/wp-json\/wp\/v2\/types\/page"}],"author":[{"embeddable":true,"href":"https:\/\/www.sipam.de\/index.php\/wp-json\/wp\/v2\/users\/1"}],"replies":[{"embeddable":true,"href":"https:\/\/www.sipam.de\/index.php\/wp-json\/wp\/v2\/comments?post=157"}],"version-history":[{"count":3,"href":"https:\/\/www.sipam.de\/index.php\/wp-json\/wp\/v2\/pages\/157\/revisions"}],"predecessor-version":[{"id":424,"href":"https:\/\/www.sipam.de\/index.php\/wp-json\/wp\/v2\/pages\/157\/revisions\/424"}],"wp:attachment":[{"href":"https:\/\/www.sipam.de\/index.php\/wp-json\/wp\/v2\/media?parent=157"}],"curies":[{"name":"wp","href":"https:\/\/api.w.org\/{rel}","templated":true}]}}