{"id":159,"date":"2024-01-10T13:53:48","date_gmt":"2024-01-10T12:53:48","guid":{"rendered":"https:\/\/www.sipam.de\/?page_id=159"},"modified":"2024-01-15T11:04:17","modified_gmt":"2024-01-15T10:04:17","slug":"aufgaben-und-ziele","status":"publish","type":"page","link":"https:\/\/www.sipam.de\/index.php\/aufgaben-und-ziele\/","title":{"rendered":"Aufgaben und Ziele"},"content":{"rendered":"\n<p class=\"has-contrast-dark-color has-contrast-light-background-color has-text-color has-background has-link-color wp-elements-26435b39d30acd040650a5c71f644d3b\">Im Rahmen der SIPAM tauschen die beteiligten Unternehmen zun\u00e4chst ihre Erfahrungen bei der Erprobung neuer Abwehrsysteme aus. Ein Bespiel ist die k\u00fcnstliche DNA, ein System, mit dem bereits weitreichende Erfolge im Kampf gegen den Metalldiebstahl erzielt werden konnten. Dar\u00fcber hinaus soll ein Fr\u00fchwarnsystem etabliert werden, dass es in Zusammenarbeit mit den Beh\u00f6rden erm\u00f6glicht,&nbsp;schneller und pr\u00e4ziser&nbsp;erfassene Diebst\u00e4hle verfolgen zu k\u00f6nnen. Kooperationen mit Metallverwertern tragen ferner zur vereinfachten Detektion von Diebesgut bei.<br><br>Die SIPAM-Partner entwickeln Pr\u00e4ventionsmaterialien und bringen das Thema Metalldiebstahl gezielt in die \u00d6ffentlichkeit. &nbsp;Beh\u00f6rden und Organisationen sollen sensibilisiert werden. Die Sicherheitspartnerschaft pr\u00e4sentiert ihre Aktivit\u00e4ten zudem bei nationalen und internationalen Veranstaltungen.<br><br>Das Hauptziel der SIPAM besteht darin, Metalldiebstahl in Deutschland in allen betroffenen Bereichen aufdecken zu helfen, um so die Anzahl der Diebst\u00e4hle nachhaltig zu verringern. Insbesondere im Metallhandel sollen dabei kriminelle Kreisl\u00e4ufe durchbrochen und so&nbsp;die wirtschaftlichen Folgen der Diebst\u00e4hle reduziert werden.<br><br>Durch die fortlaufende Kooperation der Partner und der Polizei soll schlie\u00dflich eine nachhaltige Absicherung der kritischen Infrastrukturen erreicht werden, die einen st\u00f6rungsfreien Betrieb aller unternehmenseigenen Anlagen erm\u00f6glicht.<\/p>\n\n\n\n<div class=\"wp-block-buttons is-layout-flex wp-block-buttons-is-layout-flex\">\n<div class=\"wp-block-button\"><a class=\"wp-block-button__link wp-element-button\" href=\"https:\/\/www.sipam.de\/index.php\/ueber-uns\/\">\u00dcber uns<\/a><\/div>\n\n\n\n<div class=\"wp-block-button\"><a class=\"wp-block-button__link wp-element-button\" href=\"https:\/\/www.sipam.de\/index.php\/vision\/\">Vision<\/a><\/div>\n\n\n\n<div class=\"wp-block-button\"><a class=\"wp-block-button__link wp-element-button\" href=\"https:\/\/www.sipam.de\/index.php\/hintergrund\/\">Hintergrund<\/a><\/div>\n\n\n\n<div class=\"wp-block-button\"><a class=\"wp-block-button__link wp-element-button\" href=\"https:\/\/www.sipam.de\/index.php\/partner\/\">Partner<\/a><\/div>\n\n\n\n<div class=\"wp-block-button\"><a class=\"wp-block-button__link wp-element-button\" href=\"https:\/\/www.sipam.de\/index.php\/material-und-kabeltypen\/\">Materialgallery<\/a><\/div>\n<\/div>\n","protected":false},"excerpt":{"rendered":"<p>Im Rahmen der SIPAM tauschen die beteiligten Unternehmen zun\u00e4chst ihre Erfahrungen bei der Erprobung neuer Abwehrsysteme aus. Ein Bespiel ist die k\u00fcnstliche DNA, ein System, mit dem bereits weitreichende Erfolge im Kampf gegen den Metalldiebstahl erzielt werden konnten. Dar\u00fcber hinaus soll ein Fr\u00fchwarnsystem etabliert werden, dass es in Zusammenarbeit mit den Beh\u00f6rden erm\u00f6glicht,&nbsp;schneller und pr\u00e4ziser&nbsp;erfassene [&hellip;]<\/p>\n","protected":false},"author":1,"featured_media":0,"parent":0,"menu_order":0,"comment_status":"closed","ping_status":"closed","template":"","meta":{"ngg_post_thumbnail":0,"footnotes":""},"class_list":["post-159","page","type-page","status-publish","hentry"],"_links":{"self":[{"href":"https:\/\/www.sipam.de\/index.php\/wp-json\/wp\/v2\/pages\/159","targetHints":{"allow":["GET"]}}],"collection":[{"href":"https:\/\/www.sipam.de\/index.php\/wp-json\/wp\/v2\/pages"}],"about":[{"href":"https:\/\/www.sipam.de\/index.php\/wp-json\/wp\/v2\/types\/page"}],"author":[{"embeddable":true,"href":"https:\/\/www.sipam.de\/index.php\/wp-json\/wp\/v2\/users\/1"}],"replies":[{"embeddable":true,"href":"https:\/\/www.sipam.de\/index.php\/wp-json\/wp\/v2\/comments?post=159"}],"version-history":[{"count":4,"href":"https:\/\/www.sipam.de\/index.php\/wp-json\/wp\/v2\/pages\/159\/revisions"}],"predecessor-version":[{"id":426,"href":"https:\/\/www.sipam.de\/index.php\/wp-json\/wp\/v2\/pages\/159\/revisions\/426"}],"wp:attachment":[{"href":"https:\/\/www.sipam.de\/index.php\/wp-json\/wp\/v2\/media?parent=159"}],"curies":[{"name":"wp","href":"https:\/\/api.w.org\/{rel}","templated":true}]}}