{"id":165,"date":"2024-01-10T13:55:04","date_gmt":"2024-01-10T12:55:04","guid":{"rendered":"https:\/\/www.sipam.de\/?page_id=165"},"modified":"2026-03-13T10:59:18","modified_gmt":"2026-03-13T09:59:18","slug":"partner","status":"publish","type":"page","link":"https:\/\/www.sipam.de\/index.php\/partner\/","title":{"rendered":"Partner"},"content":{"rendered":"\n<div style=\"height:56px\" aria-hidden=\"true\" class=\"wp-block-spacer\"><\/div>\n\n\n\nngg_shortcode_0_placeholder\n\n\n\n<h2 class=\"wp-block-heading\"><strong>Amprion GmbH<\/strong><\/h2>\n\n\n\n<p>Die Amprion GmbH ist einer von vier Regelzonenbetreibern in Deutschland. Unser 11.000 Kilometer langes H\u00f6chstspannungsnetz transportiert Strom in einem Gebiet von Niedersachsen bis zu den Alpen. Dort wird ein Drittel der Wirtschaftsleistung Deutschlands erzeugt. Unsere Leitungen sind Lebensadern der Gesellschaft: Sie sichern Arbeitspl\u00e4tze und Lebensqualit\u00e4t von 29 Millionen Menschen. Wir halten das Netz stabil und sicher \u2013 und bereiten den Weg f\u00fcr ein klimavertr\u00e4gliches Energiesystem, indem wir unser Netz ausbauen. Rund 2.000 Besch\u00e4ftigte in Dortmund und an mehr als 30 weiteren Standorten tragen dazu bei, dass die Lichter immer leuchten. Zudem \u00fcbernehmen wir \u00fcbergreifende Aufgaben f\u00fcr die Verbundnetze in Deutschland und Europa.<\/p>\n\n\n\n<h2 class=\"wp-block-heading\"><strong>Bundesvereinigung Deutscher Stahlrecycling- und Entsorgungsunternehmen e.V. (BDSV)<\/strong><\/h2>\n\n\n\n<p>Die BDSV mit Sitz in D\u00fcsseldorf ist mit rund 700 Mitgliedsunternehmen der gr\u00f6\u00dfte Stahlrecycling-Verband in Europa. Sie vertritt die Interessen von deutschen bzw. in Deutschland t\u00e4tigen Unternehmen, die in den Bereichen Stahlrecycling und weiteren Entsorgungsdienstleistungen t\u00e4tig sind. Im Mittelpunkt der Verbandsziele stehen die \u00f6konomischen und \u00f6kologischen Rahmenbedingungen der Recyclingwirtschaft. Die BDSV steht f\u00fcr die Erhaltung der Umwelt und die Schonung von Rohstoffreserven.<\/p>\n\n\n\n<h2 class=\"wp-block-heading\"><strong>Bundesverband Sekund\u00e4rrohstoffe und Entsorgung e.V. (BVSE)<\/strong><\/h2>\n\n\n\n<p>Der bvse-Bundesverband Sekund\u00e4rrohstoffe und Entsorgung e.V. vertritt rund 950 mittelst\u00e4ndisch gepr\u00e4gte Unternehmen der Sekund\u00e4rrohstoff-, Recycling- und Entsorgungswirtschaft. Damit ist der bvse der mitgliederst\u00e4rkste Branchenverband in Deutschland und Europa. Unsere Mitgliedsunternehmen sorgen daf\u00fcr, dass Industrie, Handwerk und Gewerbe mit (Sekund\u00e4r-) Rohstoffen versorgt und dadurch nat\u00fcrliche Ressourcen geschont werden. Sie leisten au\u00dferdem einen wichtigen Beitrag zur Energieeinsparung, Energiegewinnung und zum Klimaschutz.<\/p>\n\n\n\n<h2 class=\"wp-block-heading\"><strong>Deutsche Bahn AG<\/strong><\/h2>\n\n\n\n<p>Die Deutsche Bahn AG ist der zweitgr\u00f6\u00dfte Anbieter im gesamten Personenverkehrsmarkt mit nahezu 7,4 Millionen Kunden t\u00e4glich. Im G\u00fcterverkehr werden mehr als 670 Tausend Tonnen G\u00fcter pro Tag bef\u00f6rdert. Rund zwei Millionen Kunden sind t\u00e4glich mit unseren Bussen in Deutschland unterwegs. Insgesamt wickeln wir auf unserem modernen, rund 33.500 Kilometer langen und f\u00fcr Wettbewerb ge\u00f6ffneten Streckennetz t\u00e4glich knapp 40.000 Zugfahrten ab. An rund 5700 Orten in Deutschland bieten unsere Stationen den Zugang zum System Bahn. Der Deutsche Bahn Konzern ist ein internationaler Anbieter von Mobilit\u00e4ts- und Logistikdienstleistungen und agiert weltweit in \u00fcber 140 L\u00e4ndern. Mehr als 300.000 Mitarbeiter, davon rund 196.000 in Deutschland, setzen sich t\u00e4glich daf\u00fcr ein, Mobilit\u00e4t und Logistik f\u00fcr die Kunden sicherzustellen und die dazugeh\u00f6rigen Verkehrsnetze auf der Schiene, der Stra\u00dfe, zu Wasser und in der Luft effizient zu steuern und zu betreiben.<\/p>\n\n\n\n<h2 class=\"wp-block-heading\"><strong>Deutsche Telekom AG<\/strong><\/h2>\n\n\n\n<p>Die Deutsche Telekom geh\u00f6rt mit rund 54,3 Millionen Mobilfunk-Kunden, 17,4 Millionen Festnetz- und 14,7 Millionen Breitband-Anschl\u00fcssen zu den f\u00fchrenden integrierten Telekommunikations-Unternehmen weltweit. Der Konzern bietet Produkte und Dienstleistungen aus den Bereichen Festnetz\/Breitband, Mobilfunk, Internet und Internet-TV f\u00fcr Privatkunden sowie L\u00f6sungen der Informations- und Kommunikationstechnik f\u00fcr Gro\u00df- und Gesch\u00e4ftskunden. Die Deutsche Telekom ist in mehr als 50 L\u00e4ndern vertreten. Im Gesch\u00e4ftsjahr 2022 hat die Telekom mit weltweit rund 206.700 Mitarbeitern (31.12.2022) einen Umsatz von 114,4 Milliarden Euro erwirtschaftet. (Quelle aller Zahlen: Gesch\u00e4ftsbericht 2022). Weitere Informationen unter <a href=\"https:\/\/eur01.safelinks.protection.outlook.com\/?url=http%3A%2F%2Fwww.telekom.com%2F&amp;data=05%7C02%7Csamuel.roberts%40siemens.com%7Cf2e390e3d1e14c92a91908dc15acf271%7C38ae3bcd95794fd4addab42e1495d55a%7C1%7C0%7C638409079737477913%7CUnknown%7CTWFpbGZsb3d8eyJWIjoiMC4wLjAwMDAiLCJQIjoiV2luMzIiLCJBTiI6Ik1haWwiLCJXVCI6Mn0%3D%7C3000%7C%7C%7C&amp;sdata=Sw8F15VcmQ0bDoiufG2lgqkw%2FVgs5wGagTjcZxftv14%3D&amp;reserved=0\">www.telekom.com<\/a>.<\/p>\n\n\n\n<h2 class=\"wp-block-heading\"><strong>innogy SE<\/strong><\/h2>\n\n\n\n<p>Die innogy SE ist das f\u00fchrende deutsche Energieunternehmen mit einem Umsatz von rund 44 Milliarden Euro (2016), mehr als 40.000 Mitarbeitern und Aktivit\u00e4ten in 16 europ\u00e4ischen L\u00e4ndern. Mit ihren drei Gesch\u00e4ftsfeldern Netz &amp; Infrastruktur, Vertrieb und Erneuerbare Energien adressiert die innogy SE die Anforderungen einer modernen dekarbonisierten, dezentralen und digitalen Energiewelt. Im Zentrum der Aktivit\u00e4ten von innogy stehen unsere 23 Millionen Kunden. Diesen wollen wir innovative und nachhaltige Produkte und Dienstleistungen anbieten, mit denen sie Energie effizienter nutzen und ihre Lebensqualit\u00e4t steigern k\u00f6nnen. Die wichtigsten M\u00e4rkte sind Deutschland, Gro\u00dfbritannien, die Niederlande und Belgien sowie einige L\u00e4nder in Mittelost- und S\u00fcdosteuropa, insbesondere Tschechien, Ungarn und Polen. Bei der Stromerzeugung aus erneuerbaren Energien ist innogy mit einer Kapazit\u00e4t von insgesamt 3,7 Gigawatt auch au\u00dferhalb dieser Regionen aktiv, z. B. in Spanien, Italien und der MENA-Region (Middle East, North Africa). Als Innovationsf\u00fchrer bei Zukunftsthemen wie eMobility sind wir an den internationalen Hotspots der Technologiebranche wie im Silicon Valley, in Tel Aviv, London oder Berlin vertreten. innogy ist am 1. April 2016 operativ an den Start gegangen. Das Unternehmen ist aus der Reorganisation des RWE-Konzerns hervorgegangen. Mit dem B\u00f6rsengang im Oktober 2016 wurde die innogy SE das wertvollste Energieunternehmen Deutschlands.&nbsp;Weitere Informationen unter&nbsp;<a href=\"http:\/\/www.innogy.com\/\">www.innogy.com<\/a>.<\/p>\n\n\n\n<h2 class=\"wp-block-heading\"><strong>LEAG<\/strong><\/h2>\n\n\n\n<p>Die LEAG ist die gemeinsame Marke der Lausitz Energie Bergbau AG und der Lausitz Energie Kraftwerke AG. In den vier Tagebauen im Lausitzer Revier werden j\u00e4hrlich ca. 60 Millionen Tonnen Braunkohle gef\u00f6rdert, verstromt und zu Veredlungsprodukten verarbeitet. Mit einer installierten Leistung von 8000 Megawatt in den Kraftwerken J\u00e4nschwalde, Schwarze Pumpe, Boxberg und Lippendorf, ist die LEAG viertgr\u00f6\u00dfter Kraftwerksbetreiber in Deutschland und kann so bis zu 15,9 Millionen Haushalte mit Strom versorgen.&nbsp;<\/p>\n\n\n\n<h2 class=\"wp-block-heading\"><strong>MIBRAG GmbH&nbsp;<\/strong><\/h2>\n\n\n\n<p>MIBRAG mit Sitz in Zeitz (Sachsen-Anhalt) betreibt die Tagebaue Profen (Sachsen-Anhalt) und Vereinigtes Schleenhain (Sachsen). Vor dem Hintergrund des gesetzlich definierten Kohleausstiegs wird MIBRAG bis in die Mitte der 2030er Jahre hinein die Kraftwerke Schkopau und Lippendorf zuverl\u00e4ssig mit Kohle versorgen. <br>Auf dem Weg vom regionalen Braunkohlef\u00f6rderer hin zum modernen Energie- und Industriedienstleister in Mitteldeutschland erschlie\u00dft das Unternehmen schrittweise neue Gesch\u00e4ftsfelder.<br>Als breiteste Stra\u00dfe in die Zukunft gilt das Projekt EMIR \u201eErneuerung MIBRAG im Revier\u201c, mit dem MIBRAG sich zu einem modernen Energiedienstleiter auf Basis erneuerbarer Energien entwickeln wird.<br>Mit 1.400 Mitarbeiterinnen und Mitarbeitern z\u00e4hlt das 1994 gegr\u00fcndete Unternehmen zu den gr\u00f6\u00dften Arbeitgebern im S\u00fcden von Sachsen-Anhalt und gilt als sehr erfolgreicher Ausbildungsbetrieb.<\/p>\n\n\n\n<h2 class=\"wp-block-heading\"><strong>RWE AG<\/strong><\/h2>\n\n\n\n<p>Die RWE AG ist ein international f\u00fchrendes Unternehmen auf dem Gebiet der klimafreundlichen Stromerzeugung in Essen, Deutschland. Mit dem verst\u00e4rktem Engagement in Wind-, Solar- und Wasserkraft sowie in den Bereichen Wasserstoff, Batteriespeicher, Biomasse und Biogas hat RWE sein Portfolio als Erzeuger von Strom aus erneuerbaren Energien stark erweitert. RWE wirkt in vorderster Reihe daran mit, ein nachhaltiges Energiesystem zu schaffen. Mit seinen flexiblen Kraftwerken und dem Handelsgesch\u00e4ft tr\u00e4gt RWE zur Sicherung der Energieversorgung bei.<\/p>\n\n\n\n<h2 class=\"wp-block-heading\"><strong>TenneT TSO GmbH<\/strong><\/h2>\n\n\n\n<p>Die TenneT TSO GmbH ist eine deutsche Tochter des niederl\u00e4ndischen Stromnetzbetreibers Tennet mit Sitz in Bayreuth. Sie betreibt in Deutschland mit 889 Mitarbeitern ein H\u00f6chstspannungsnetz mit einer Gesamtl\u00e4nge von rund 10.700 Kilometern. Damit deckt sie 40 Prozent der Fl\u00e4che in Deutschland ab und versorgt rund 20 Millionen Menschen indirekt mit Strom.<\/p>\n\n\n\n<h2 class=\"wp-block-heading\"><strong>ThyssenKrupp Steel Europe AG<\/strong><\/h2>\n\n\n\n<p>Die Kerngesch\u00e4ftsfelder sind die Stahlerzeugung und die Herstellungen von Flachprodukten aus Qualit\u00e4tsstahl. Das Leistungsspektrum reicht von intelligenten Werkstoffl\u00f6sungen \u00fcber produktspezifische Anarbeitung, Dienstleistungen und umfassenden Service bis hin zu fertigen Bauteilen und Baugruppen aus Stahl.&nbsp;<\/p>\n\n\n\n<h2 class=\"wp-block-heading\"><strong>TransnetBW GmbH<\/strong><\/h2>\n\n\n\n<p>Der \u00dcbertragungsnetzbetreiber TransnetBW steht f\u00fcr eine sichere und zuverl\u00e4ssige Versorgung von rund elf Millionen Menschen in Baden-W\u00fcrttemberg. Das Unternehmen sorgt f\u00fcr Betrieb, Instandhaltung, Planung und den bedarfsgerechten Ausbau des Transportnetzes der Zukunft. Die 220- und 380-Kilovolt-Stromkreise sind rund 3.200 Kilometer lang und bilden das R\u00fcckgrat einer zuverl\u00e4ssigen Energieversorgung in Baden-W\u00fcrttemberg sowie die Grundlage f\u00fcr eine funktionierende Wirtschaft und Gesellschaft. Das Netz erstreckt sich \u00fcber eine Fl\u00e4che von 34.600 km\u00b2 und steht allen Akteuren am Strommarkt diskriminierungsfrei sowie zu marktgerechten und transparenten Bedingungen zur Verf\u00fcgung.<\/p>\n\n\n\n<h2 class=\"wp-block-heading\"><strong>Verband Deutscher Metallh\u00e4ndler und Recycler e.V. (VDM)<\/strong><\/h2>\n\n\n\n<p>Der VDM vertritt seit 1908 die Interessen des NE-Metallgro\u00dfhandels und der NE-Metall-Recycling-Wirtschaft. Dazu geh\u00f6ren Neumetalle, Altmetalle, Nebenmetalle und Seltene Erden. Seine \u00fcber 200 Mitglieder repr\u00e4sentieren etwa 500 Firmen bzw. Niederlassungen und decken rund 90 Prozent des deutschen Metallmarktes ab. &nbsp;Hinzu kommen zahlreiche Unternehmen aus anderen europ\u00e4ischen Staaten. H\u00fctten- und Schmelzbetriebe geh\u00f6ren ebenso zur Mitgliedschaft wie H\u00e4ndler, Recycler, an der Londoner Metallb\u00f6rse (LME) t\u00e4tige Broker und andere Spezialisten der Metallwirtschaft. Die rund 25 000 Besch\u00e4ftigten der VDM-Mitglieder generieren einen Umsatz von rund 30 Milliarden Euro j\u00e4hrlich.<\/p>\n\n\n\n<h2 class=\"wp-block-heading\"><strong>50Hertz Transmission GmbH<\/strong><\/h2>\n\n\n\n<p>Deutscher Strom\u00fcbertragungsnetzbetreibermit Sitz in Berlin. Das Unternehmen betreibt das H\u00f6chstspannungsnetz im Norden und Osten Deutschlands mit einer Gesamtl\u00e4nge von rund 10.000 Kilometern Leitungen und deckt damit rund 30 Prozent (109.000 Quadratkilometer) der Fl\u00e4che Deutschlands ab. Das Unternehmen besch\u00e4ftigt&nbsp;mehr als 1.200 Mitarbeiter.<\/p>\n\n\n\n<div class=\"wp-block-buttons is-layout-flex wp-block-buttons-is-layout-flex\">\n<div class=\"wp-block-button\"><a class=\"wp-block-button__link wp-element-button\" href=\"https:\/\/www.sipam.de\/index.php\/ueber-uns\/\">\u00dcber uns<\/a><\/div>\n\n\n\n<div class=\"wp-block-button\"><a class=\"wp-block-button__link wp-element-button\" href=\"https:\/\/www.sipam.de\/index.php\/vision\/\">Vision<\/a><\/div>\n\n\n\n<div class=\"wp-block-button\"><a class=\"wp-block-button__link wp-element-button\" href=\"https:\/\/www.sipam.de\/index.php\/hintergrund\/\">Hintergrund<\/a><\/div>\n\n\n\n<div class=\"wp-block-button\"><a class=\"wp-block-button__link wp-element-button\" href=\"https:\/\/www.sipam.de\/index.php\/aufgaben-und-ziele\/\">Aufgaben und Ziele<\/a><\/div>\n\n\n\n<div class=\"wp-block-button\"><a class=\"wp-block-button__link wp-element-button\" href=\"https:\/\/www.sipam.de\/index.php\/material-und-kabeltypen\/\">Materialgallery<\/a><\/div>\n<\/div>\n","protected":false},"excerpt":{"rendered":"<p>Amprion GmbH Die Amprion GmbH ist einer von vier Regelzonenbetreibern in Deutschland. Unser 11.000 Kilometer langes H\u00f6chstspannungsnetz transportiert Strom in einem Gebiet von Niedersachsen bis zu den Alpen. Dort wird ein Drittel der Wirtschaftsleistung Deutschlands erzeugt. Unsere Leitungen sind Lebensadern der Gesellschaft: Sie sichern Arbeitspl\u00e4tze und Lebensqualit\u00e4t von 29 Millionen Menschen. Wir halten das Netz [&hellip;]<\/p>\n","protected":false},"author":1,"featured_media":0,"parent":0,"menu_order":0,"comment_status":"closed","ping_status":"closed","template":"","meta":{"ngg_post_thumbnail":0,"footnotes":""},"class_list":["post-165","page","type-page","status-publish","hentry"],"_links":{"self":[{"href":"https:\/\/www.sipam.de\/index.php\/wp-json\/wp\/v2\/pages\/165","targetHints":{"allow":["GET"]}}],"collection":[{"href":"https:\/\/www.sipam.de\/index.php\/wp-json\/wp\/v2\/pages"}],"about":[{"href":"https:\/\/www.sipam.de\/index.php\/wp-json\/wp\/v2\/types\/page"}],"author":[{"embeddable":true,"href":"https:\/\/www.sipam.de\/index.php\/wp-json\/wp\/v2\/users\/1"}],"replies":[{"embeddable":true,"href":"https:\/\/www.sipam.de\/index.php\/wp-json\/wp\/v2\/comments?post=165"}],"version-history":[{"count":11,"href":"https:\/\/www.sipam.de\/index.php\/wp-json\/wp\/v2\/pages\/165\/revisions"}],"predecessor-version":[{"id":496,"href":"https:\/\/www.sipam.de\/index.php\/wp-json\/wp\/v2\/pages\/165\/revisions\/496"}],"wp:attachment":[{"href":"https:\/\/www.sipam.de\/index.php\/wp-json\/wp\/v2\/media?parent=165"}],"curies":[{"name":"wp","href":"https:\/\/api.w.org\/{rel}","templated":true}]}}